{"id":18504,"date":"2020-09-07T14:09:38","date_gmt":"2020-09-07T14:09:38","guid":{"rendered":"https:\/\/vanster.design\/?page_id=18504"},"modified":"2020-09-07T14:11:38","modified_gmt":"2020-09-07T14:11:38","slug":"avis-legal","status":"publish","type":"page","link":"https:\/\/vanster.design\/ca\/avis-legal\/","title":{"rendered":"Av\u00eds legal i termes d&#8217;\u00fas"},"content":{"rendered":"<div class=\"wpb-content-wrapper\"><p>[vc_section][vc_row][vc_column]<div class=\"ult-spacer spacer-69d5bb988b929\" data-id=\"69d5bb988b929\" data-height=\"120\" data-height-mobile=\"120\" data-height-tab=\"120\" data-height-tab-portrait=\"\" data-height-mobile-landscape=\"\" style=\"clear:both;display:block;\"><\/div>[\/vc_column][vc_column]<div id=\"ultimate-heading-720169d5bb988b962\" class=\"uvc-heading ult-adjust-bottom-margin ultimate-heading-720169d5bb988b962 uvc-7325 \" data-hspacer=\"no_spacer\"  data-halign=\"left\" style=\"text-align:left\"><div class=\"uvc-heading-spacer no_spacer\" style=\"top\"><\/div><div class=\"uvc-sub-heading ult-responsive\"  data-ultimate-target='.uvc-heading.ultimate-heading-720169d5bb988b962 .uvc-sub-heading '  data-responsive-json-new='{\"font-size\":\"\",\"line-height\":\"\"}'  style=\"font-weight:normal;\"><\/p>\n<h2 style=\"margin: 0; text-transform: lowercase;\">Av\u00eds legal i termes d&#8217;\u00fas.<\/h2>\n<p><\/div><\/div>[\/vc_column][vc_column][\/vc_column][\/vc_row][\/vc_section][vc_section][vc_row][vc_column]<div class=\"ult-spacer spacer-69d5bb988b996\" data-id=\"69d5bb988b996\" data-height=\"120\" data-height-mobile=\"120\" data-height-tab=\"120\" data-height-tab-portrait=\"\" data-height-mobile-landscape=\"\" style=\"clear:both;display:block;\"><\/div>[\/vc_column][vc_column][vc_column_text css=&#8221;.vc_custom_1599487868513{margin-bottom: 0px !important;}&#8221;]En aquest espai, l&#8217;USUARI, podr\u00e0 trobar tota la informaci\u00f3 relativa als termes i condicions legals que defineixen les relacions entre els usuaris i nosaltres com a responsables d&#8217;aquesta web. Com a usuari, \u00e9s important que coneguis aquests termes abans de continuar la teva navegaci\u00f3. Vanster and Lei SL. Com responsable d&#8217;aquesta web, assumeix el comprom\u00eds de processar la informaci\u00f3 dels nostres usuaris i clients amb plenes garanties i complir amb els requisits nacionals i europeus que regulen la recopilaci\u00f3 i \u00fas de les dades personals dels nostres usuaris. Aquest web, per tant, compleix rigorosament amb el RGPD (REGLAMENT (UE) 2016\/679 de protecci\u00f3 de dades) i la LSSI-CE la Llei 34\/2002, de 11 de juliol, de serveis de la societat de la informaci\u00f3 i de comer\u00e7 electr\u00f2nic.<\/p>\n<p>&nbsp;<\/p>\n<h4><strong>Condicions generals d&#8217;\u00fas<\/strong><\/h4>\n<p>Les presents condicions generals regulen l&#8217;\u00fas (incloent el mer acc\u00e9s) de les p\u00e0gines del web, integrants de la p\u00e0gina web de Vanster.design inclosos els continguts i serveis posats a disposici\u00f3 en elles. Tota persona que accedeixi a la web, Vanster.design ( &#8220;Usuari&#8221;) accepta sotmetre a les Condicions Generals vigents en cada moment de el portal Vanster.design.<\/p>\n<p>&nbsp;<\/p>\n<h4><strong>Dades personals que recollim i com ho fem<\/strong><\/h4>\n<p>Llegir <a style=\"text-decoration: underline;\" href=\"https:\/\/vanster.desing\/ca\/privacitat\">Pol\u00edtica de Privacitat<\/a><\/p>\n<p>&nbsp;<\/p>\n<h4><strong>Compromisos i obligacions dels usuaris<\/strong><\/h4>\n<p>L&#8217;Usuari queda informat, i accepta, que l&#8217;acc\u00e9s a la present web no suposa, de cap manera, l&#8217;inici d&#8217;una relaci\u00f3 comercial amb Vanster.design. D&#8217;aquesta manera, l&#8217;usuari es compromet a utilitzar el lloc web, els seus serveis i continguts sense contravenir la legislaci\u00f3 vigent, la bona fe i l&#8217;ordre p\u00fablic.<\/p>\n<p>Queda prohibit l&#8217;\u00fas del web, amb fins il\u00b7l\u00edcits o lesius, o que, de qualsevol forma, puguin causar perjudici o impedir el normal funcionament de la p\u00e0gina web. Respecte dels continguts d&#8217;aquesta web, es prohibeix: La seva reproducci\u00f3, distribuci\u00f3 o modificaci\u00f3, total o parcial, llevat que es compti amb l&#8217;autoritzaci\u00f3 dels seus leg\u00edtims titulars; Qualsevol vulneraci\u00f3 dels drets del prestador o dels leg\u00edtims titulars; La seva utilitzaci\u00f3 per a fins comercials o publicitaris.<\/p>\n<p>En la utilitzaci\u00f3 del web, Vanster.design, l&#8217;Usuari es compromet a no dur a terme cap conducta que pogu\u00e9s danyar la imatge, els interessos i els drets de Vanster.design o de tercers o que pogu\u00e9s danyar, inutilitzar o sobrecarregar el portal (indicar domini) o que imped\u00eds, de qualsevol forma, la normal utilitzaci\u00f3 del web. No obstant aix\u00f2, l&#8217;Usuari ha de ser conscient que les mesures de seguretat dels sistemes inform\u00e0tics a Internet no s\u00f3n enterament fiables i que, per tant Vanster.design no pot garantir la inexist\u00e8ncia de virus o altres elements que puguin produir alteracions en els sistemes inform\u00e0tics (programari i maquinari) de l&#8217;Usuari o en els seus documents electr\u00f2nics i fitxers continguts en els mateixos.<\/p>\n<p>&nbsp;<\/p>\n<h4><strong>Mesures de seguretat<\/strong><\/h4>\n<p>Les dades personals comunicades per l&#8217;usuari a Vanster.design poden ser emmagatzemats en bases de dades automatitzades o no, la titularitat correspon en exclusiva a Vanster.design, assumint aquesta totes les mesures d&#8217;\u00edndole t\u00e8cnica, organitzativa i de seguretat que garanteixen la confidencialitat, integritat i qualitat de la informaci\u00f3 continguda en les mateixes d&#8217;acord amb el que estableix la normativa vigent en protecci\u00f3 de dades.<\/p>\n<p>La comunicaci\u00f3 entre els usuaris i Vanster.design utilitza un canal segur, i les dades transmeses s\u00f3n xifrades gr\u00e0cies a protocols a https, per tant, garantim les millors condicions de seguretat perqu\u00e8 la confidencialitat dels usuaris estigui garantida.<\/p>\n<p>&nbsp;<\/p>\n<h4><strong>Reclamacions<\/strong><\/h4>\n<p>Vanster.design informa que hi ha fulls de reclamaci\u00f3 a disposici\u00f3 d&#8217;usuaris i clients. L&#8217;Usuari podr\u00e0 realitzar reclamacions sol\u00b7licitant el seu full de reclamaci\u00f3 o enviant un correu electr\u00f2nic a <a style=\"text-decoration: underline;\" href=\"mailto:info@vanster.design\">info@vanster.design<\/a> indicant el seu nom i cognoms, el servei i \/ o producte adquirit i exposant els motius de la seva reclamaci\u00f3.<\/p>\n<p>L&#8217;usuari \/ comprador podr\u00e0 notificar-nos la reclamaci\u00f3, b\u00e9 a trav\u00e9s de correu electr\u00f2nic a: <a style=\"text-decoration: underline;\" href=\"mailto:info@vanster.design\">info@vanster.design<\/a>, si ho desitja adjuntant el seg\u00fcent formulari de reclamaci\u00f3: El servei \/ producte: Adquirit el dia: Nom de l&#8217;usuari: Domicili de l&#8217;usuari: signatura de l&#8217;usuari (nom\u00e9s si es presenta en paper): Data: Motiu de la reclamaci\u00f3:<\/p>\n<p>&nbsp;<\/p>\n<h4><strong>Plataforma de resoluci\u00f3 de conflictes<\/strong><\/h4>\n<p>Per si pot ser del teu inter\u00e8s, per sotmetre les teves reclamacions pots utilitzar tamb\u00e9 la plataforma de resoluci\u00f3 de litigis que facilita la Comissi\u00f3 Europea i que es troba disponible en el seg\u00fcent enlla\u00e7: <a style=\"text-decoration: underline;\" href=\"https:\/\/ec.europa.eu\/consumers\/odr\/\">https:\/\/ec.europa.eu\/consumers\/odr\/<\/a><\/p>\n<p>&nbsp;<\/p>\n<h4><strong>Drets de propietat intel\u00b7lectual i industrial<\/strong><\/h4>\n<p>En virtut del que disposen els articles 8 i 32.1, par\u00e0graf segon, de la Llei de Propietat Intel\u00b7lectual, queden expressament prohibides la reproducci\u00f3, la distribuci\u00f3 i la comunicaci\u00f3 p\u00fablica, inclosa la seva modalitat de posada a disposici\u00f3, de la totalitat o part dels continguts d&#8217;aquesta p\u00e0gina web, amb fins comercials, en qualsevol suport i per qualsevol mitj\u00e0 t\u00e8cnic, sense l&#8217;autoritzaci\u00f3 de Vanster.design. L&#8217;usuari es compromet a respectar els drets de Propietat Intel\u00b7lectual i Industrial titularitat de Vanster.design.<\/p>\n<p>L&#8217;usuari coneix i accepta que la totalitat de la p\u00e0gina web, contenint sense car\u00e0cter exhaustiu el text, programari, continguts (incloent estructura, selecci\u00f3, ordenaci\u00f3 i presentaci\u00f3 dels mateixos) podcast, fotografies, material audiovisual i gr\u00e0fics, est\u00e0 protegida per marques, drets d&#8217;autor i altres drets leg\u00edtims, d&#8217;acord amb els tractats internacionals en els quals Espanya \u00e9s part i altres drets de propietat i lleis d&#8217;Espanya. En el cas que un usuari o un tercer considerin que s&#8217;ha produ\u00eft una violaci\u00f3 dels seus leg\u00edtims drets de propietat intel\u00b7lectual per la introducci\u00f3 d&#8217;un determinat contingut a la web, haur\u00e0 de notificar aquesta circumst\u00e0ncia a Vanster.design indicant:<\/p>\n<ul>\n<li>Dades personals de l&#8217;interessat titular dels drets presumptament infringits, o indicar la representaci\u00f3 amb la qual actua en cas que la reclamaci\u00f3 la present un tercer diferent de l&#8217;interessat.<\/li>\n<li>Assenyalar els continguts protegits pels drets de propietat intel\u00b7lectual i la seva ubicaci\u00f3 a la web, l&#8217;acreditaci\u00f3 dels drets de propietat intel\u00b7lectual assenyalats i declaraci\u00f3 expressa en qu\u00e8 l&#8217;interessat es responsabilitza de la veracitat de les informacions facilitades en la notificaci\u00f3<\/li>\n<\/ul>\n<p>&nbsp;<\/p>\n<h4><strong>Enlla\u00e7os externs<\/strong><\/h4>\n<p>Les p\u00e0gines del web Vanster.design, podria proporcionar enlla\u00e7os a altres llocs web propis i continguts que s\u00f3n propietat de tercers. L&#8217;\u00fanic objecte dels enlla\u00e7os \u00e9s proporcionar a l&#8217;Usuari la possibilitat d&#8217;accedir a aquests enlla\u00e7os. Vanster.design no es responsabilitza en cap cas dels resultats que puguin derivar-se a l&#8217;Usuari per acc\u00e9s a aquests enlla\u00e7os.<\/p>\n<p>Aix\u00ed mateix, l&#8217;usuari trobar\u00e0 dins d&#8217;aquest lloc, p\u00e0gines, promocions, programes d&#8217;afiliats que accedeixen als h\u00e0bits de navegaci\u00f3 dels usuaris per establir perfils. Aquesta informaci\u00f3 sempre \u00e9s an\u00f2nima i no s&#8217;identifica a l&#8217;usuari.<\/p>\n<p>La Informaci\u00f3 que es proporcioni en aquests Llocs patrocinat o enlla\u00e7os d&#8217;afiliats est\u00e0 subjecta a les pol\u00edtiques de privacitat que s&#8217;utilitzin en aquests Llocs i no estar\u00e0 subjecta a aquesta pol\u00edtica de privacitat. Pel que recomanem \u00e0mpliament als Usuaris a revisar detalladament les pol\u00edtiques de privacitat dels enlla\u00e7os d&#8217;afiliat.<\/p>\n<p>L&#8217;Usuari que es proposi establir qualsevol dispositiu t\u00e8cnic d&#8217;enlla\u00e7 des del seu lloc web a el portal Vanster.design haur\u00e0 d&#8217;obtenir l&#8217;autoritzaci\u00f3 pr\u00e8via i escrita de Vanster.design. L&#8217;establiment de l&#8217;enlla\u00e7 no implica en cap cas l&#8217;exist\u00e8ncia de relacions entre Vanster.design i el propietari de el lloc en qu\u00e8 s&#8217;estableixi l&#8217;enlla\u00e7, ni l&#8217;acceptaci\u00f3 o aprovaci\u00f3 per part de Vanster.design dels seus continguts o serveis.<\/p>\n<p>&nbsp;<\/p>\n<h4><strong>Pol\u00edtica de comentaris<\/strong><\/h4>\n<p>A la nostra web i es permeten fer comentaris per enriquir els continguts i realitzar consultes. No s&#8217;admetran comentaris que no estiguin relacionats amb la tem\u00e0tica d&#8217;aquest web, que incloguin difamacions, greuges, insults, atacs personals o faltes de respecte en general cap a l&#8217;autor o cap a altres membres. Tamb\u00e9 seran suprimits els comentaris que continguin informaci\u00f3 que sigui \u00f2bviament enganyosa o falsa, aix\u00ed com els comentaris que continguin informaci\u00f3 personal, com, per exemple, domicilis privat o tel\u00e8fons i que vulnerin la nostra pol\u00edtica de protecci\u00f3 de dades.<\/p>\n<p>Es desestimar\u00e0, igualment, aquells comentaris creats nom\u00e9s amb fins promocionals d&#8217;una web, persona o col\u00b7lectiu i tot el que pugui ser considerat spam en general.<\/p>\n<p>No es permeten comentaris an\u00f2nims, aix\u00ed com aquells realitzats per una mateixa persona amb diferents sobrenoms. No es consideraran tampoc aquells comentaris que intentin for\u00e7ar un debat o una presa de postura per un altre usuari.<\/p>\n<p>&nbsp;<\/p>\n<h4><strong>Exclusi\u00f3 de garanties i responsabilitat<\/strong><\/h4>\n<p>El prestador no atorga cap garantia ni es fa responsable, en cap cas, dels danys i perjudicis de qualsevol naturalesa que es puguin derivar de:<\/p>\n<ul>\n<li>La manca de disponibilitat, manteniment i efectiu funcionament del web, o dels seus serveis i continguts;<\/li>\n<li>L&#8217;exist\u00e8ncia de virus, programes maliciosos o lesius en els continguts;<\/li>\n<li>L&#8217;\u00fas il\u00b7l\u00edcit, negligent, fraudulent o contrari a aquest Av\u00eds Legal;<\/li>\n<li>La falta de licitud, qualitat, fiabilitat, utilitat i disponibilitat dels serveis prestats per tercers i posats a disposici\u00f3 dels usuaris al lloc web.<\/li>\n<li>El prestador no es fa responsable en cap concepte dels danys que poguessin dimanar de l&#8217;\u00fas il\u00b7legal o indegut de la present p\u00e0gina web.<\/li>\n<\/ul>\n<p>&nbsp;<\/p>\n<h4><strong>Llei aplicable i jurisdicci\u00f3<\/strong><\/h4>\n<p>Amb car\u00e0cter general les relacions entre Vanster.design amb els Usuaris dels seus serveis telem\u00e0tics, presents en aquesta web es troben sotmeses a la legislaci\u00f3 i jurisdicci\u00f3 espanyoles i als tribunals.<\/p>\n<p>&nbsp;<\/p>\n<h4><strong>Contacte<\/strong><\/h4>\n<p>En cas que qualsevol Usuari tingu\u00e9s algun dubte sobre aquestes Condicions legals o qualsevol comentari sobre el portal Vanster.design, si us plau dirigiu-vos a <a style=\"text-decoration: underline;\" href=\"mailto:info@vanster.design\">info@vanster.design<\/a><\/p>\n<p>De part de l&#8217;equip que formem Vanster and Lei SL t&#8217;agra\u00efm el temps dedicat a llegir aquest Av\u00eds Legal[\/vc_column_text][\/vc_column][vc_column]<div class=\"ult-spacer spacer-69d5bb988b9aa\" data-id=\"69d5bb988b9aa\" data-height=\"120\" data-height-mobile=\"120\" data-height-tab=\"120\" data-height-tab-portrait=\"\" data-height-mobile-landscape=\"\" style=\"clear:both;display:block;\"><\/div>[\/vc_column][\/vc_row][\/vc_section]<\/p>\n<\/div>","protected":false},"excerpt":{"rendered":"<p>[vc_section][vc_row][vc_column][\/vc_column][vc_column][\/vc_column][vc_column][\/vc_column][\/vc_row][\/vc_section][vc_section][vc_row][vc_column][\/vc_column][vc_column][vc_column_text css=&#8221;.vc_custom_1599487868513{margin-bottom: 0px !important;}&#8221;]En aquest espai, l&#8217;USUARI, podr\u00e0 trobar tota la informaci\u00f3 relativa als termes i condicions legals que defineixen les relacions entre els usuaris i nosaltres com a responsables d&#8217;aquesta web. Com a usuari, \u00e9s important que coneguis aquests termes abans de continuar la teva navegaci\u00f3. Vanster and Lei SL. Com responsable d&#8217;aquesta web, [&hellip;]<\/p>\n","protected":false},"author":10,"featured_media":0,"parent":0,"menu_order":1,"comment_status":"closed","ping_status":"closed","template":"template-custom-page.php","meta":{"_acf_changed":false,"_vp_format_video_url":"","_vp_image_focal_point":[],"footnotes":""},"class_list":["post-18504","page","type-page","status-publish","hentry"],"acf":[],"_links":{"self":[{"href":"https:\/\/vanster.design\/ca\/wp-json\/wp\/v2\/pages\/18504","targetHints":{"allow":["GET"]}}],"collection":[{"href":"https:\/\/vanster.design\/ca\/wp-json\/wp\/v2\/pages"}],"about":[{"href":"https:\/\/vanster.design\/ca\/wp-json\/wp\/v2\/types\/page"}],"author":[{"embeddable":true,"href":"https:\/\/vanster.design\/ca\/wp-json\/wp\/v2\/users\/10"}],"replies":[{"embeddable":true,"href":"https:\/\/vanster.design\/ca\/wp-json\/wp\/v2\/comments?post=18504"}],"version-history":[{"count":0,"href":"https:\/\/vanster.design\/ca\/wp-json\/wp\/v2\/pages\/18504\/revisions"}],"wp:attachment":[{"href":"https:\/\/vanster.design\/ca\/wp-json\/wp\/v2\/media?parent=18504"}],"curies":[{"name":"wp","href":"https:\/\/api.w.org\/{rel}","templated":true}]}}