{"id":18472,"date":"2020-09-07T11:31:03","date_gmt":"2020-09-07T11:31:03","guid":{"rendered":"https:\/\/vanster.design\/?page_id=18472"},"modified":"2020-09-07T13:57:31","modified_gmt":"2020-09-07T13:57:31","slug":"cookies","status":"publish","type":"page","link":"https:\/\/vanster.design\/ca\/cookies\/","title":{"rendered":"Pol\u00edtica de cookies"},"content":{"rendered":"<div class=\"wpb-content-wrapper\"><p>[vc_section][vc_row][vc_column]<div class=\"ult-spacer spacer-69d5930d6dce2\" data-id=\"69d5930d6dce2\" data-height=\"120\" data-height-mobile=\"120\" data-height-tab=\"120\" data-height-tab-portrait=\"\" data-height-mobile-landscape=\"\" style=\"clear:both;display:block;\"><\/div>[\/vc_column][vc_column]<div id=\"ultimate-heading-398969d5930d6dd26\" class=\"uvc-heading ult-adjust-bottom-margin ultimate-heading-398969d5930d6dd26 uvc-5973 \" data-hspacer=\"no_spacer\"  data-halign=\"left\" style=\"text-align:left\"><div class=\"uvc-heading-spacer no_spacer\" style=\"top\"><\/div><div class=\"uvc-sub-heading ult-responsive\"  data-ultimate-target='.uvc-heading.ultimate-heading-398969d5930d6dd26 .uvc-sub-heading '  data-responsive-json-new='{\"font-size\":\"\",\"line-height\":\"\"}'  style=\"font-weight:normal;\"><\/p>\n<h2 style=\"margin: 0; text-transform: lowercase;\">Pol\u00edtica de cookies.<\/h2>\n<p><\/div><\/div>[\/vc_column][vc_column][\/vc_column][\/vc_row][\/vc_section][vc_section][vc_row][vc_column]<div class=\"ult-spacer spacer-69d5930d6dd57\" data-id=\"69d5930d6dd57\" data-height=\"120\" data-height-mobile=\"120\" data-height-tab=\"120\" data-height-tab-portrait=\"\" data-height-mobile-landscape=\"\" style=\"clear:both;display:block;\"><\/div>[\/vc_column][vc_column][vc_column_text css=&#8221;.vc_custom_1599487031471{margin-bottom: 0px !important;}&#8221;]En aquest web s&#8217;utilitzen cookies de tercers i pr\u00f2pies per aconseguir que tinguis una millor experi\u00e8ncia de navegaci\u00f3, puguis compartir contingut en xarxes socials i perqu\u00e8 puguem obtenir estad\u00edstiques dels usuaris.<\/p>\n<p>Pots evitar la desc\u00e0rrega de cookies mitjan\u00e7ant la configuraci\u00f3 del teu navegador, evitant que les cookies s&#8217;emmagatzemin al dispositiu.<\/p>\n<p>Com a propietari d&#8217;aquest lloc web, et comunico que no utilitzem cap informaci\u00f3 personal procedent de cookies, tan sols vam realitzar estad\u00edstiques generals de visites que no suposen cap informaci\u00f3 personal.<\/p>\n<p>\u00c9s molt important que llegeixis la present pol\u00edtica de cookies i entenguis que, si continues navegant, considerarem que acceptes el seu \u00fas.<\/p>\n<p>Segons els termes inclosos en l&#8217;article 22.2 de la Llei 34\/2002 de Serveis de la Societat de la Informaci\u00f3 i Comer\u00e7 Electr\u00f2nic, si continues navegant, estar\u00e0s donant el teu consentiment per a l&#8217;ocupaci\u00f3 dels referits mecanismes.<\/p>\n<p>&nbsp;<\/p>\n<h4><strong>Entitat Responsable<\/strong><\/h4>\n<p>L&#8217;entitat responsable de la recollida, processament i utilitzaci\u00f3 de les teves dades personals, en el sentit que estableix la Llei de Protecci\u00f3 de Dades Personals \u00e9s la p\u00e0gina Vanster.design, propietat de Vanster and Lei SL &#8211; Passatge Llu\u00eds Pellicer 19 Local 1 08036 Barcelona.<\/p>\n<p>&nbsp;<\/p>\n<h4><strong>Qu\u00e8 s\u00f3n les cookies?<\/strong><\/h4>\n<p>Les cookies s\u00f3n un conjunt de dades que un servidor diposita en el navegador de l&#8217;usuari per recollir la informaci\u00f3 de registre est\u00e0ndard d&#8217;Internet i la informaci\u00f3 del comportament dels visitants en un lloc web. \u00c9s a dir, es tracta de petits arxius de text que queden emmagatzemats al disc dur de l&#8217;ordinador i que serveixen per identificar l&#8217;usuari quan es connecta novament a el lloc web. El seu objectiu \u00e9s registrar la visita de l&#8217;usuari i guardar certa informaci\u00f3. El seu \u00fas \u00e9s com\u00fa i freq\u00fcent a la web ja que permet a les p\u00e0gines funcionar de manera m\u00e9s eficient i aconseguir una major personalitzaci\u00f3 i an\u00e0lisi sobre el comportament de l&#8217;usuari.<\/p>\n<p>&nbsp;<\/p>\n<h4><strong>Quins tipus de cookies hi ha?<\/strong><\/h4>\n<p>Les cookies utilitzades al nostre lloc web, s\u00f3n de sessi\u00f3 i de tercers, i ens permeten emmagatzemar i accedir a informaci\u00f3 relativa a l&#8217;idioma, el tipus de navegador utilitzat, i altres caracter\u00edstiques generals predefinides per l&#8217;usuari, aix\u00ed com, seguir i analitzar l&#8217;activitat que porta a terme, amb l&#8217;objecte d&#8217;introduir millores i prestar els nostres serveis d&#8217;una manera m\u00e9s eficient i personalitzada.<\/p>\n<p>Les cookies, en funci\u00f3 de la seva perman\u00e8ncia, poden dividir-se en cookies de sessi\u00f3 o permanents. Les que expiren quan l&#8217;usuari tanca el navegador. Les que expiren en funci\u00f3 de quan es compleixi l&#8217;objectiu per al qual serveixen (per exemple, perqu\u00e8 l&#8217;usuari es mantingui identificat en els serveis de Vanster and Lei SL) o b\u00e9 quan s&#8217;esborren manualment.<\/p>\n<p>&nbsp;<\/p>\n<table width=\"100%\">\n<tbody>\n<tr>\n<td>Nom<\/td>\n<td>Tipus<\/td>\n<td>Caducitat<\/td>\n<td>Finalitat<\/td>\n<td>Classe<\/td>\n<\/tr>\n<tr>\n<td>__utma<\/td>\n<td>De Tercers (Google Analytics)<\/td>\n<td>2 anys<\/td>\n<td>S&#8217;usa per distingir usuaris i sessions.<\/td>\n<td>No Exempta<\/td>\n<\/tr>\n<tr>\n<td>__utmb<\/td>\n<td>De Tercers (Google Analytics)<\/td>\n<td>30 minuts<\/td>\n<td>S&#8217;usa per determinar noves sessions o visites.<\/td>\n<td>No Exempta<\/td>\n<\/tr>\n<tr>\n<td>__utmc<\/td>\n<td>De Tercers (Google Analytics)<\/td>\n<td>Al finalitzar la sessi\u00f3<\/td>\n<td>Es configura per funcionar amb Urchin.<\/td>\n<td>No Exempta<\/td>\n<\/tr>\n<tr>\n<td>__utmz<\/td>\n<td>De Tercers (Google Analytics)<\/td>\n<td>6 mesos<\/td>\n<td>Emmagatzema l&#8217;origen o la campanya que explica com l&#8217;usuari ha arribat fins a la p\u00e0gina web.<\/td>\n<td>No Exempta<\/td>\n<\/tr>\n<\/tbody>\n<\/table>\n<p>&nbsp;<\/p>\n<p>Addicionalment, en funci\u00f3 del seu objectiu, les cookies poden classificar-se de la seg\u00fcent manera:<\/p>\n<p>&nbsp;<\/p>\n<h5><strong>Cookies de rendiment<\/strong><\/h5>\n<p>Aquest tipus de cookie recorda les seves prefer\u00e8ncies per a les eines que es troben en els serveis, de manera que no ha de tornar a configurar el servei cada vegada que vost\u00e8 visita. A tall d&#8217;exemple, en aquesta tipologia s&#8217;inclouen: Ajustaments de volum de reproductors de v\u00eddeo o so. Les velocitats de transmissi\u00f3 de v\u00eddeo compatibles amb el seu navegador. Els objectes guardats en el &#8220;carret de la compra&#8221; en els serveis de comer\u00e7 electr\u00f2nic com ara botigues.<\/p>\n<p>&nbsp;<\/p>\n<h5><strong>Cookies de geo-localitzaci\u00f3<\/strong><\/h5>\n<p>Aquestes cookies s\u00f3n utilitzades per esbrinar en quin pa\u00eds es troba quan se sol\u00b7licita un servei. Aquesta cookie \u00e9s totalment an\u00f2nima, i nom\u00e9s s&#8217;utilitza per ajudar a orientar el contingut a la seva ubicaci\u00f3.<\/p>\n<p>&nbsp;<\/p>\n<h5><strong>Cookies de registre<\/strong><\/h5>\n<p>Les cookies de registre es generen un cop que l&#8217;usuari s&#8217;ha registrat o posteriorment ha obert la sessi\u00f3, i s&#8217;utilitzen per identificar-lo en els serveis amb els seg\u00fcents objectius:<\/p>\n<ul>\n<li>Mantenir a l\u2019usuari identificat de manera que, si tanca un servei, el navegador o l\u2019ordinador i en un altre moment o un altre dia torna a entrar en aquest servei, seguir\u00e0 identificat, facilitant aix\u00ed la seva navegaci\u00f3 sense haver de tornar a identificar-se. Aquesta funcionalitat es pot suprimir si l\u2019usuari prem la funcionalitat [tancar sessi\u00f3], de manera que aquesta cookie s\u2019elimina i la propera vegada que entri al servei l\u2019usuari haur\u00e0 d\u2019iniciar sessi\u00f3 per estar identificat.<\/li>\n<li>Comprovar si l\u2019usuari est\u00e0 autoritzat per accedir a certs serveis, per exemple, per participar en un concurs.<\/li>\n<\/ul>\n<p>Addicionalment, alguns serveis poden utilitzar connectors amb xarxes socials com ara Facebook o Twitter. Quan l&#8217;usuari es registra en un servei amb credencials d&#8217;una xarxa social, autoritza a la xarxa social a guardar una cookie persistent que recorda la seva identitat i li garanteix acc\u00e9s als serveis fins que expira. L&#8217;usuari pot esborrar aquesta cookie i revocar l&#8217;acc\u00e9s als serveis mitjan\u00e7ant xarxes socials actualitzant les seves prefer\u00e8ncies a la xarxa social que espec\u00edfica.<\/p>\n<p>&nbsp;<\/p>\n<h5><strong>Cookies d\u2019anal\u00edtiques<\/strong><\/h5>\n<p>Cada vegada que un usuari visita un servei, una eina d&#8217;un prove\u00efdor extern genera una cookie anal\u00edtica a l&#8217;ordinador de l&#8217;usuari. Aquesta cookie que nom\u00e9s es genera en la visita, servir\u00e0 en properes visites als serveis de Vanster and Lei SL per identificar de forma an\u00f2nima al visitant. Els objectius principals que es persegueixen s\u00f3n:<\/p>\n<ul>\n<li>Permetre la identificaci\u00f3 an\u00f2nima dels usuaris navegants a trav\u00e9s de la cookie (identifica navegadors i dispositius, no persones) i per tant la comptabilitzaci\u00f3 aproximada de el nombre de visitants i la seva tend\u00e8ncia en el temps.<\/li>\n<li>Identificar de forma an\u00f2nima els continguts m\u00e9s visitats i per tant m\u00e9s atractius per als usuaris Saber si l&#8217;usuari que est\u00e0 accedint \u00e9s nou o repeteix visita.<\/li>\n<\/ul>\n<p>Important: Llevat que l&#8217;usuari decideixi registrar-se en un servei de Vanster and Lei SL, la cookie mai anir\u00e0 associada a cap dada de car\u00e0cter personal que pugui identificar-lo. Aquestes cookies nom\u00e9s seran utilitzades amb prop\u00f2sits estad\u00edstics que ajudin a l&#8217;optimitzaci\u00f3 de l&#8217;experi\u00e8ncia dels usuaris en el lloc.<\/p>\n<p>&nbsp;<\/p>\n<h5><strong>Cookies de publicitat<\/strong><\/h5>\n<p>Aquest tipus de cookies permeten ampliar la informaci\u00f3 dels anuncis mostrats a cada usuari an\u00f2nim en els serveis de Vanster and Lei SL. Entre d&#8217;altres, s&#8217;emmagatzema la durada o freq\u00fc\u00e8ncia de visualitzaci\u00f3 de posicions publicit\u00e0ries, la interacci\u00f3 amb les mateixes, o els patrons de navegaci\u00f3 i \/ o comportaments de l&#8217;usuari ja que ajuden a conformar un perfil d&#8217;inter\u00e8s publicitari. D&#8217;aquesta manera, permeten oferir publicitat af\u00ed als interessos de l&#8217;usuari.<\/p>\n<p>&nbsp;<\/p>\n<h5><strong>Cookies publicit\u00e0ries de tercers<\/strong><\/h5>\n<p>A m\u00e9s de la publicitat gestionada per les webs de Vanster and Lei SL en els seus serveis, els webs de Vanster and Lei SL ofereixen als seus anunciants l&#8217;opci\u00f3 de servir anuncis a trav\u00e9s de tercers (&#8220;Ad-Servers&#8221;). D&#8217;aquesta manera, aquests tercers poden emmagatzemar cookies enviades des dels serveis de Vanster and Lei SL procedents dels navegadors dels usuaris, aix\u00ed com accedir a les dades que en elles es guarden.<\/p>\n<p>Les empreses que generen aquestes cookies tenen les seves pr\u00f2pies pol\u00edtiques de privacitat. En l&#8217;actualitat, els webs de Vanster and Lei SL utilitzen la plataforma Doubleclick (Google) per gestionar aquests serveis. Per a m\u00e9s informaci\u00f3, acudeixi a:<\/p>\n<p><a style=\"text-decoration: underline;\" href=\"https:\/\/www.google.es\/policies\/privacy\/ads\/#toc-doubleclick\">https:\/\/www.google.es\/policies\/privacy\/ads\/#toc-doubleclick<\/a> i a <a style=\"text-decoration: underline;\" href=\"https:\/\/www.google.es\/policies\/privacy\/ads\/\">https:\/\/www.google.es\/policies\/privacy\/ads\/<\/a>.<\/p>\n<p>&nbsp;<\/p>\n<h4><strong>Com puc desactivar les cookies al navegador?<\/strong><\/h4>\n<p>Es poden configurar els diferents navegadors per avisar l&#8217;usuari de la recepci\u00f3 de cookies i, si es desitja, impedir la seva instal\u00b7laci\u00f3 en l&#8217;equip. Aix\u00ed mateix, l&#8217;usuari pot revisar al teu navegador quina cookies t\u00e9 instal\u00b7lades i quin \u00e9s el termini de caducitat de les mateixes, podent eliminar-les.<\/p>\n<p>Per ampliar aquesta informaci\u00f3 consulteu les instruccions i manuals del seu navegador:<\/p>\n<p>Per a m\u00e9s informaci\u00f3 sobre l&#8217;administraci\u00f3 de les cookies a Google Chrome: <a style=\"text-decoration: underline;\" href=\"https:\/\/support.google.com\/chrome\/answer\/95647?hl=es\">https:\/\/support.google.com\/chrome\/answer\/95647?hl=es<\/a><\/p>\n<p>Per a m\u00e9s informaci\u00f3 sobre l&#8217;administraci\u00f3 de les cookies a Internet Explorer: <a style=\"text-decoration: underline;\" href=\"https:\/\/windows.microsoft.com\/es-es\/windows-vista\/cookies-frequently-asked-questions\">https:\/\/windows.microsoft.com\/es-es\/windows-vista\/cookies-frequently-asked-questions<\/a><\/p>\n<p>Per a m\u00e9s informaci\u00f3 sobre l&#8217;administraci\u00f3 de les cookies de Mozilla Firefox: <a style=\"text-decoration: underline;\" href=\"https:\/\/support.mozilla.org\/es\/kb\/habilitar-y-deshabilitar-cookies-que-los-sitios-we\">https:\/\/support.mozilla.org\/es\/kb\/habilitar-y-deshabilitar-cookies-que-los-sitios-we<\/a><\/p>\n<p>Per a m\u00e9s informaci\u00f3 sobre l&#8217;administraci\u00f3 de les cookies en Safari: <a style=\"text-decoration: underline;\" href=\"https:\/\/www.apple.com\/es\/privacy\/use-of-cookies\/\">https:\/\/www.apple.com\/es\/privacy\/use-of-cookies\/<\/a><\/p>\n<p>Per a m\u00e9s informaci\u00f3 sobre l&#8217;administraci\u00f3 de les cookies a Opera: <a style=\"text-decoration: underline;\" href=\"https:\/\/help.opera.com\/Windows\/11.50\/es-ES\/cookies.html\">https:\/\/help.opera.com\/Windows\/11.50\/es-ES\/cookies.html<\/a><\/p>\n<p>Si desitja deixar de ser seguit per Google Analytics visiteu: <a style=\"text-decoration: underline;\" href=\"https:\/\/tools.google.com\/dlpage\/gaoptout\">https:\/\/tools.google.com\/dlpage\/gaoptout<\/a><\/p>\n<p>&nbsp;<\/p>\n<h4><strong>Per saber m\u00e9s sobre les cookies<\/strong><\/h4>\n<p>Podeu obtenir m\u00e9s informaci\u00f3 sobre la publicitat en l\u00ednia basada en el comportament i la privacitat en l\u00ednia en el seg\u00fcent enlla\u00e7: <a href=\"https:\/\/www.youronlinechoices.com\/es\/\">https:\/\/www.youronlinechoices.com\/es\/<\/a><\/p>\n<p>Protecci\u00f3 de dades de Google Analytics: <a style=\"text-decoration: underline;\" href=\"https:\/\/www.google.com\/analytics\/learn\/privacy.html\">https:\/\/www.google.com\/analytics\/learn\/privacy.html<\/a><\/p>\n<p>Com utilitza Google Analytics les cookies: <a style=\"text-decoration: underline;\" href=\"https:\/\/developers.google.com\/analytics\/devguides\/collection\/analyticsjs\/cookie-usage?hl=es#analyticsjs\">https:\/\/developers.google.com\/analytics\/devguides\/collection\/analyticsjs\/cookie-usage?hl=es#analyticsjs<\/a><\/p>\n<p>&nbsp;<\/p>\n<h4><strong>Actualitzacions i canvis en la pol\u00edtica de privacitat \/ cookies<\/strong><\/h4>\n<p>Els webs de Vanster and Lei SL poden modificar aquesta Pol\u00edtica de Cookies en funci\u00f3 d&#8217;exig\u00e8ncies legislatives, reglament\u00e0ries, o amb la finalitat d&#8217;adaptar aquesta pol\u00edtica a les instruccions dictades per l&#8217;Ag\u00e8ncia Espanyola de Protecci\u00f3 de Dades, per aix\u00f2 s&#8217;aconsella als usuaris que la visitin peri\u00f2dicament.<\/p>\n<p>Quan es produeixin canvis significatius en aquesta Pol\u00edtica de Cookies, aquests es comunicaran als usuaris b\u00e9 mitjan\u00e7ant el web o mitjan\u00e7ant correu electr\u00f2nic als usuaris registrats.[\/vc_column_text][\/vc_column][vc_column]<div class=\"ult-spacer spacer-69d5930d6dd71\" data-id=\"69d5930d6dd71\" data-height=\"120\" data-height-mobile=\"120\" data-height-tab=\"120\" data-height-tab-portrait=\"\" data-height-mobile-landscape=\"\" style=\"clear:both;display:block;\"><\/div>[\/vc_column][\/vc_row][\/vc_section]<\/p>\n<\/div>","protected":false},"excerpt":{"rendered":"<p>[vc_section][vc_row][vc_column][\/vc_column][vc_column][\/vc_column][vc_column][\/vc_column][\/vc_row][\/vc_section][vc_section][vc_row][vc_column][\/vc_column][vc_column][vc_column_text css=&#8221;.vc_custom_1599487031471{margin-bottom: 0px !important;}&#8221;]En aquest web s&#8217;utilitzen cookies de tercers i pr\u00f2pies per aconseguir que tinguis una millor experi\u00e8ncia de navegaci\u00f3, puguis compartir contingut en xarxes socials i perqu\u00e8 puguem obtenir estad\u00edstiques dels usuaris. Pots evitar la desc\u00e0rrega de cookies mitjan\u00e7ant la configuraci\u00f3 del teu navegador, evitant que les cookies s&#8217;emmagatzemin al dispositiu. Com a [&hellip;]<\/p>\n","protected":false},"author":10,"featured_media":0,"parent":0,"menu_order":1,"comment_status":"closed","ping_status":"closed","template":"template-custom-page.php","meta":{"_acf_changed":false,"_vp_format_video_url":"","_vp_image_focal_point":[],"footnotes":""},"class_list":["post-18472","page","type-page","status-publish","hentry"],"acf":[],"_links":{"self":[{"href":"https:\/\/vanster.design\/ca\/wp-json\/wp\/v2\/pages\/18472","targetHints":{"allow":["GET"]}}],"collection":[{"href":"https:\/\/vanster.design\/ca\/wp-json\/wp\/v2\/pages"}],"about":[{"href":"https:\/\/vanster.design\/ca\/wp-json\/wp\/v2\/types\/page"}],"author":[{"embeddable":true,"href":"https:\/\/vanster.design\/ca\/wp-json\/wp\/v2\/users\/10"}],"replies":[{"embeddable":true,"href":"https:\/\/vanster.design\/ca\/wp-json\/wp\/v2\/comments?post=18472"}],"version-history":[{"count":0,"href":"https:\/\/vanster.design\/ca\/wp-json\/wp\/v2\/pages\/18472\/revisions"}],"wp:attachment":[{"href":"https:\/\/vanster.design\/ca\/wp-json\/wp\/v2\/media?parent=18472"}],"curies":[{"name":"wp","href":"https:\/\/api.w.org\/{rel}","templated":true}]}}