{"id":18463,"date":"2020-09-07T10:58:26","date_gmt":"2020-09-07T10:58:26","guid":{"rendered":"https:\/\/vanster.design\/?page_id=18463"},"modified":"2020-09-07T12:02:10","modified_gmt":"2020-09-07T12:02:10","slug":"privacitat","status":"publish","type":"page","link":"https:\/\/vanster.design\/ca\/privacitat\/","title":{"rendered":"Pol\u00edtica de privacidad"},"content":{"rendered":"<div class=\"wpb-content-wrapper\"><p>[vc_section][vc_row][vc_column]<div class=\"ult-spacer spacer-69d5f49d977e4\" data-id=\"69d5f49d977e4\" data-height=\"120\" data-height-mobile=\"120\" data-height-tab=\"120\" data-height-tab-portrait=\"\" data-height-mobile-landscape=\"\" style=\"clear:both;display:block;\"><\/div>[\/vc_column][vc_column]<div id=\"ultimate-heading-839069d5f49d97825\" class=\"uvc-heading ult-adjust-bottom-margin ultimate-heading-839069d5f49d97825 uvc-8046 \" data-hspacer=\"no_spacer\"  data-halign=\"left\" style=\"text-align:left\"><div class=\"uvc-heading-spacer no_spacer\" style=\"top\"><\/div><div class=\"uvc-sub-heading ult-responsive\"  data-ultimate-target='.uvc-heading.ultimate-heading-839069d5f49d97825 .uvc-sub-heading '  data-responsive-json-new='{\"font-size\":\"\",\"line-height\":\"\"}'  style=\"font-weight:normal;\"><\/p>\n<h2 style=\"margin: 0; text-transform: lowercase;\">pol\u00edtica de privacitat.<\/h2>\n<p><\/div><\/div>[\/vc_column][vc_column][\/vc_column][\/vc_row][\/vc_section][vc_section][vc_row][vc_column]<div class=\"ult-spacer spacer-69d5f49d97851\" data-id=\"69d5f49d97851\" data-height=\"120\" data-height-mobile=\"120\" data-height-tab=\"120\" data-height-tab-portrait=\"\" data-height-mobile-landscape=\"\" style=\"clear:both;display:block;\"><\/div>[\/vc_column][vc_column][vc_column_text css=&#8221;.vc_custom_1599480031100{margin-bottom: 0px !important;}&#8221;]<\/p>\n<h4><strong>Responsable &#8211; \u00bfqui \u00e9s el responsable del tractament de les dades?<\/strong><\/h4>\n<p><strong>Identitat:<\/strong> Vanster and Lei SL<br \/>\n<strong>Domicili social:<\/strong> Passatge Llu\u00eds Pellicer 19 Local 1 08036 Barcelona<br \/>\n<strong>CIF:<\/strong> B66570615<br \/>\n<strong>Tel\u00e8fon:<\/strong> +34931648925<br \/>\n<strong>Correu Electr\u00f2nic:<\/strong> <a style=\"text-decoration: underline;\" href=\"mailto:info@vanster.design\">info@vanster.design<\/a><br \/>\n<strong>Nom del domini: Vanster.design<\/strong><\/p>\n<p>&nbsp;<\/p>\n<h4><strong>Finalitats &#8211; \u00bfamb quines finalitats tractem les teves dades?<\/strong><\/h4>\n<p>En compliment del que disposa el Reglament Europeu 2016\/679 General de Protecci\u00f3 de Dades, us informem que tractarem les dades que ens facilites per:<\/p>\n<ul>\n<li>Remetre peri\u00f2dicament comunicacions sobre serveis, esdeveniments i not\u00edcies relacionades amb les activitats desenvolupades per Vanster and Lei SL, per qualsevol mitj\u00e0 (tel\u00e8fon, correu postal o correu electr\u00f2nic), llevat que s&#8217;indiqui el contrari o l&#8217;usuari s&#8217;oposi o revoqui el seu consentiment.<\/li>\n<li>Remetre informaci\u00f3 comercial i \/ o promocional relacionada amb el sector de serveis contractats i valor afegit per a usuaris finals, llevat que s&#8217;indiqui el contrari o l&#8217;usuari s&#8217;oposi o revoqui el seu consentiment.<\/li>\n<li>Donar compliment a les obligacions legalment establertes, aix\u00ed com verificar el compliment de les obligacions contractuals, inclo\u00efa la prevenci\u00f3 de frau.<\/li>\n<li>Cessi\u00f3 de dades a organismes i autoritats, sempre que siguin requerits de conformitat amb les disposicions legals i reglament\u00e0ries.<\/li>\n<\/ul>\n<p>&nbsp;<\/p>\n<h4><strong>Categories de dades &#8211; Quines dades tractem?<\/strong><\/h4>\n<p>Derivada de les finalitats abans esmentades, en Vanster and Lei SL gestionem les seg\u00fcents categories de dades:<\/p>\n<ul>\n<li>Dades identificatives<\/li>\n<li>Metadades de comunicacions electr\u00f2niques<\/li>\n<li>Dades d&#8217;informaci\u00f3 comercial. En cas que l&#8217;usuari faciliti dades de tercers, manifesta comptar amb el consentiment d&#8217;aquests i es compromet a traslladar-li la informaci\u00f3 continguda en aquesta cl\u00e0usula, eximint a Vanster and Lei SL de qualsevol responsabilitat en aquest sentit.<\/li>\n<li>No obstant aix\u00f2, Vanster and Lei SL podr\u00e0 dur a terme les verificacions per constatar aquest fet, i adoptar les mesures de dilig\u00e8ncia deguda que corresponguin, d&#8217;acord amb la normativa de protecci\u00f3 de dades.<\/li>\n<\/ul>\n<p>&nbsp;<\/p>\n<h4><strong>Legitimaci\u00f3 &#8211; \u00bfquina \u00e9s la legitimaci\u00f3 per al tractament de les teves dades?<\/strong><\/h4>\n<p>El tractament de dades amb la finalitat l&#8217;enviament de butlletins peri\u00f2dics (newslettering) sobre serveis, esdeveniments i not\u00edcies relacionades amb la nostra activitat professional es basa en el consentiment de l&#8217;interessat, sol\u00b7licitat expressament per dur a terme aquests tractaments, d&#8217;acord amb la normativa vigent.<\/p>\n<p>A m\u00e9s, la legitimaci\u00f3 per al tractament de les dades relacionades amb ofertes o col\u00b7laboracions es basen en el consentiment de l&#8217;usuari que remet les seves dades, que pot retirar en qualsevol moment, si b\u00e9 aix\u00f2 pot afectar la possible comunicaci\u00f3 de forma fluida i obstrucci\u00f3 de processos que desitja realitzar.<\/p>\n<p>Finalment, les dades es podran utilitzar per a complir les obligacions legals aplicables a Vanster and Lei SL.<\/p>\n<p>&nbsp;<\/p>\n<h4><strong>Termini de Conservaci\u00f3 de les Dades &#8211; Per quant de temps conservarem les teves dades?<\/strong><\/h4>\n<p>Vanster and Lei SL conservar\u00e0 les dades personals dels usuaris \u00fanicament durant el temps necessari per a la realitzaci\u00f3 de les finalitats per a les quals van ser recollits, mentre no revoqui els consentiments atorgats. Posteriorment, en cas de ser necessari, mantindr\u00e0 la informaci\u00f3 bloquejada durant els terminis legalment establerts.<\/p>\n<p>&nbsp;<\/p>\n<h4><strong>Destinataris &#8211; A quins destinataris es comunicaran les vostres dades?<\/strong><\/h4>\n<p>Les teves dades podran ser accedits per aquells prove\u00efdors que presten serveis a Vanster and Lei SL, com ara serveis d&#8217;allotjament, eines de m\u00e0rqueting i sistemes de contingut o altres professionals, quan la comunicaci\u00f3 sigui necess\u00e0ria normativament, o per a l&#8217;execuci\u00f3 dels serveis contractats.<\/p>\n<p>Vanster and Lei SL, ha subscrit els corresponents contractes d&#8217;enc\u00e0rrec de tractament amb cada un dels prove\u00efdors que presten serveis a Vanster and Lei SL, amb l&#8217;objectiu de garantir que aquests prove\u00efdors tractaran les dades de conformitat amb el que estableix la legislaci\u00f3 vigent.<\/p>\n<p>Tamb\u00e9 podran ser cedides a les Forces i Cossos de Seguretat de l&#8217;Estat en els casos que hi hagi una obligaci\u00f3 legal.<\/p>\n<p>Bancs i entitats financeres, per al cobrament dels serveis.<\/p>\n<p>Administracions p\u00fabliques amb compet\u00e8ncia en els sectors d&#8217;activitat, quan aix\u00ed ho estableixi la normativa vigent.<\/p>\n<p>&nbsp;<\/p>\n<h4><strong>Seguretat de la Informaci\u00f3 &#8211; Quines mesures de seguretat implantem per cuidar les seves dades?<\/strong><\/h4>\n<p>Per protegir les diferents tipologies de dades reflectides en aquesta pol\u00edtica de privacitat dur\u00e0 a terme les mesures de seguretat t\u00e8cniques necess\u00e0ries per evitar la seva p\u00e8rdua, manipulaci\u00f3, difusi\u00f3 o alteraci\u00f3.<\/p>\n<ul>\n<li>Encriptaci\u00f3 de les comunicacions entre el dispositiu de l&#8217;usuari i els servidors de Vanster and Lei SL<\/li>\n<li>Encriptaci\u00f3 de la informaci\u00f3 en els propis servidors de Vanster and Lei SL<\/li>\n<li>Altres mesures que evitin l&#8217;acc\u00e9s a les dades de l&#8217;usuari per part de tercers.<\/li>\n<li>En aquells casos en qu\u00e8 Vanster and Lei SL compti amb prestadors de servei per al manteniment de la plataforma que es trobin fora de la Uni\u00f3 Europea, aquestes transfer\u00e8ncies internacionals s&#8217;hagin regularitzades atenent el comprom\u00eds de Vanster and Lei SL amb la protecci\u00f3, integritat i seguretat de les dades personals dels usuaris.<\/li>\n<\/ul>\n<p>&nbsp;<\/p>\n<h4><strong>Drets &#8211; Quins s\u00f3n els teus drets quan ens facilites les teves dades i com pots exercir-los?<\/strong><\/h4>\n<p>Tens dret a obtenir confirmaci\u00f3 sobre si en Vanster and Lei SL estem tractant dades personals que et concerneixin, o no.<\/p>\n<p>Aix\u00ed mateix, tens dret a accedir a les teves dades personals, aix\u00ed com a sol\u00b7licitar la rectificaci\u00f3 de les dades inexactes o, si escau, sol\u00b7licitar la seva supressi\u00f3 quan, entre d&#8217;altres motius, les dades ja no siguin necessaris per als fins que van ser recollides.<\/p>\n<p>En determinades circumst\u00e0ncies, podr\u00e0s sol\u00b7licitar la limitaci\u00f3 del tractament de les teves dades, en aquest cas \u00fanicament els conservarem per a l&#8217;exercici o la defensa de reclamacions.<\/p>\n<p>En determinades circumst\u00e0ncies i per motius relacionats amb la teva situaci\u00f3 particular, podr\u00e0s oposar-te al tractament de les teves dades. Vanster and Lei SL deixar\u00e0 de tractar les dades, excepte per motius leg\u00edtims imperiosos, o l&#8217;exercici o la defensa de possibles reclamacions.<\/p>\n<p>Aix\u00ed mateix, pots exercir el dret a la portabilitat de les dades, aix\u00ed com retirar els consentiments facilitades en qualsevol moment, sense que aix\u00f2 afecti la licitud del tractament basat en el consentiment previ a la seva retirada.<\/p>\n<p>Si vols fer \u00fas de qualsevol dels teus drets pot dirigir-se a <a style=\"text-decoration: underline;\" href=\"mailto:info@vanster.design\">info@vanster.design<\/a>.<\/p>\n<p>Finalment, t&#8217;informem que pots dirigir-te davant l&#8217;Ag\u00e8ncia Espanyola de Protecci\u00f3 de Dades i altres organismes p\u00fablics competents per a qualsevol reclamaci\u00f3 derivada del tractament de les teves dades personals.<\/p>\n<p>&nbsp;<\/p>\n<h4><strong>Modificaci\u00f3 de la pol\u00edtica de privacitat<\/strong><\/h4>\n<p>Vanster and Lei SL podr\u00e0 modificar la present Pol\u00edtica de Privacitat en qualsevol moment, sent publicades les successives versions en el Lloc Web. En qualsevol cas, Vanster and Lei SL comunicar\u00e0 amb previ av\u00eds les modificacions de la present pol\u00edtica que afecten els usuaris per tal que puguin acceptar les mateixes.<\/p>\n<p>La present Pol\u00edtica de Privacitat es troba actualitzada a data 2018.12.27 Vanster and Lei SL (Espanya). Reservats tots els drets.<\/p>\n<p>Si ho desitja tamb\u00e9 pots consultar la nostra <a style=\"text-decoration: underline;\" href=\"https:\/\/vanster.design\/ca\/cookies\">Pol\u00edtica de Cookies<\/a>[\/vc_column_text][\/vc_column][vc_column]<div class=\"ult-spacer spacer-69d5f49d97865\" data-id=\"69d5f49d97865\" data-height=\"120\" data-height-mobile=\"120\" data-height-tab=\"120\" data-height-tab-portrait=\"\" data-height-mobile-landscape=\"\" style=\"clear:both;display:block;\"><\/div>[\/vc_column][\/vc_row][\/vc_section]<\/p>\n<\/div>","protected":false},"excerpt":{"rendered":"<p>[vc_section][vc_row][vc_column][\/vc_column][vc_column][\/vc_column][vc_column][\/vc_column][\/vc_row][\/vc_section][vc_section][vc_row][vc_column][\/vc_column][vc_column][vc_column_text css=&#8221;.vc_custom_1599480031100{margin-bottom: 0px !important;}&#8221;] Responsable &#8211; \u00bfqui \u00e9s el responsable del tractament de les dades? Identitat: Vanster and Lei SL Domicili social: Passatge Llu\u00eds Pellicer 19 Local 1 08036 Barcelona CIF: B66570615 Tel\u00e8fon: +34931648925 Correu Electr\u00f2nic: info@vanster.design Nom del domini: Vanster.design &nbsp; Finalitats &#8211; \u00bfamb quines finalitats tractem les teves dades? En compliment del que [&hellip;]<\/p>\n","protected":false},"author":10,"featured_media":0,"parent":0,"menu_order":1,"comment_status":"closed","ping_status":"closed","template":"template-custom-page.php","meta":{"_acf_changed":false,"_vp_format_video_url":"","_vp_image_focal_point":[],"footnotes":""},"class_list":["post-18463","page","type-page","status-publish","hentry"],"acf":[],"_links":{"self":[{"href":"https:\/\/vanster.design\/ca\/wp-json\/wp\/v2\/pages\/18463","targetHints":{"allow":["GET"]}}],"collection":[{"href":"https:\/\/vanster.design\/ca\/wp-json\/wp\/v2\/pages"}],"about":[{"href":"https:\/\/vanster.design\/ca\/wp-json\/wp\/v2\/types\/page"}],"author":[{"embeddable":true,"href":"https:\/\/vanster.design\/ca\/wp-json\/wp\/v2\/users\/10"}],"replies":[{"embeddable":true,"href":"https:\/\/vanster.design\/ca\/wp-json\/wp\/v2\/comments?post=18463"}],"version-history":[{"count":0,"href":"https:\/\/vanster.design\/ca\/wp-json\/wp\/v2\/pages\/18463\/revisions"}],"wp:attachment":[{"href":"https:\/\/vanster.design\/ca\/wp-json\/wp\/v2\/media?parent=18463"}],"curies":[{"name":"wp","href":"https:\/\/api.w.org\/{rel}","templated":true}]}}